{"id":40,"date":"2022-01-01T13:31:08","date_gmt":"2022-01-01T11:31:08","guid":{"rendered":"https:\/\/vilpasrhythmics.fi\/?page_id=40"},"modified":"2025-12-16T11:21:18","modified_gmt":"2025-12-16T09:21:18","slug":"valmentajat","status":"publish","type":"page","link":"https:\/\/vilpasrhythmics.fi\/?page_id=40","title":{"rendered":"Valmentajat"},"content":{"rendered":"\n<p>P\u00e4\u00e4valmentajana toimii <strong>Nella Virta<\/strong>.<\/p>\n\n\n\n<figure class=\"wp-block-image size-full is-resized\"><img loading=\"lazy\" decoding=\"async\" width=\"780\" height=\"792\" src=\"https:\/\/vilpasrhythmics.fi\/wp-content\/uploads\/2024\/12\/Nayttokuva-2024-12-15-130011-1.png\" alt=\"\" class=\"wp-image-375\" style=\"width:179px;height:auto\" srcset=\"https:\/\/vilpasrhythmics.fi\/wp-content\/uploads\/2024\/12\/Nayttokuva-2024-12-15-130011-1.png 780w, https:\/\/vilpasrhythmics.fi\/wp-content\/uploads\/2024\/12\/Nayttokuva-2024-12-15-130011-1-295x300.png 295w, https:\/\/vilpasrhythmics.fi\/wp-content\/uploads\/2024\/12\/Nayttokuva-2024-12-15-130011-1-768x780.png 768w, https:\/\/vilpasrhythmics.fi\/wp-content\/uploads\/2024\/12\/Nayttokuva-2024-12-15-130011-1-624x634.png 624w\" sizes=\"auto, (max-width: 780px) 100vw, 780px\" \/><\/figure>\n\n\n\n<p><\/p>\n\n\n\n<p>Valmentajina toimivat <strong>Aada Sorrola<\/strong> ja <strong>Toini Antila<\/strong>.<\/p>\n\n\n\n<div class=\"wp-block-group is-nowrap is-layout-flex wp-container-core-group-is-layout-ad2f72ca wp-block-group-is-layout-flex\">\n<figure class=\"wp-block-image size-full is-resized\"><img loading=\"lazy\" decoding=\"async\" width=\"585\" height=\"622\" src=\"https:\/\/vilpasrhythmics.fi\/wp-content\/uploads\/2024\/12\/Nayttokuva-2024-12-15-131024-2.png\" alt=\"\" class=\"wp-image-376\" style=\"width:191px;height:auto\" srcset=\"https:\/\/vilpasrhythmics.fi\/wp-content\/uploads\/2024\/12\/Nayttokuva-2024-12-15-131024-2.png 585w, https:\/\/vilpasrhythmics.fi\/wp-content\/uploads\/2024\/12\/Nayttokuva-2024-12-15-131024-2-282x300.png 282w\" sizes=\"auto, (max-width: 585px) 100vw, 585px\" \/><\/figure>\n\n\n\n<figure class=\"wp-block-image size-full is-resized\"><img loading=\"lazy\" decoding=\"async\" width=\"452\" height=\"452\" src=\"https:\/\/vilpasrhythmics.fi\/wp-content\/uploads\/2024\/12\/Nayttokuva-2024-12-15-130917-1-edited-1.png\" alt=\"\" class=\"wp-image-379\" style=\"width:202px;height:auto\" srcset=\"https:\/\/vilpasrhythmics.fi\/wp-content\/uploads\/2024\/12\/Nayttokuva-2024-12-15-130917-1-edited-1.png 452w, https:\/\/vilpasrhythmics.fi\/wp-content\/uploads\/2024\/12\/Nayttokuva-2024-12-15-130917-1-edited-1-300x300.png 300w, https:\/\/vilpasrhythmics.fi\/wp-content\/uploads\/2024\/12\/Nayttokuva-2024-12-15-130917-1-edited-1-150x150.png 150w\" sizes=\"auto, (max-width: 452px) 100vw, 452px\" \/><\/figure>\n<\/div>\n\n\n\n<p><\/p>\n\n\n\n<p>Apuvalmentajana <strong>Ilona Virtanen<\/strong> .<\/p>\n\n\n\n<div class=\"wp-block-group\"><div class=\"wp-block-group__inner-container is-layout-constrained wp-block-group-is-layout-constrained\">\n<div class=\"wp-block-group is-nowrap is-layout-flex wp-container-core-group-is-layout-ad2f72ca wp-block-group-is-layout-flex\">\n<figure class=\"wp-block-image size-full is-resized\"><img loading=\"lazy\" decoding=\"async\" width=\"607\" height=\"612\" src=\"https:\/\/vilpasrhythmics.fi\/wp-content\/uploads\/2024\/12\/Nayttokuva-2024-12-15-134334-7.png\" alt=\"\" class=\"wp-image-395\" style=\"width:206px;height:auto\" srcset=\"https:\/\/vilpasrhythmics.fi\/wp-content\/uploads\/2024\/12\/Nayttokuva-2024-12-15-134334-7.png 607w, https:\/\/vilpasrhythmics.fi\/wp-content\/uploads\/2024\/12\/Nayttokuva-2024-12-15-134334-7-298x300.png 298w, https:\/\/vilpasrhythmics.fi\/wp-content\/uploads\/2024\/12\/Nayttokuva-2024-12-15-134334-7-150x150.png 150w\" sizes=\"auto, (max-width: 607px) 100vw, 607px\" \/><\/figure>\n<\/div>\n<\/div><\/div>\n\n\n\n<p><\/p>\n\n\n\n<p><\/p>\n\n\n\n<p><\/p>\n\n\n\n<p class=\"has-text-align-left\"><strong>Etsimme jatkuvasti uusia valmentajia ja apuohjaajia.<\/strong> <\/p>\n\n\n\n<p class=\"has-text-align-left\">Mik\u00e4li viihdyt lasten parissa, omaat voimistelu- ja\/tai tanssitaustaa, ota rohkeasti yhteytt\u00e4 laittamalla s\u00e4hk\u00f6postia vilpas.rhythmics@gmail.com<\/p>\n\n\n\n<p><\/p>\n\n\n\n<p><\/p>\n\n\n\n<p><\/p>\n\n\n\n<p>16.12.2025<\/p>\n\n\n\n<p><\/p>\n","protected":false},"excerpt":{"rendered":"<p>P\u00e4\u00e4valmentajana toimii Nella Virta. Valmentajina toimivat Aada Sorrola ja Toini Antila. Apuvalmentajana Ilona Virtanen . Etsimme jatkuvasti uusia valmentajia ja apuohjaajia. Mik\u00e4li viihdyt lasten parissa, omaat voimistelu- ja\/tai tanssitaustaa, ota rohkeasti yhteytt\u00e4 laittamalla s\u00e4hk\u00f6postia vilpas.rhythmics@gmail.com 16.12.2025<\/p>\n","protected":false},"author":1,"featured_media":0,"parent":0,"menu_order":0,"comment_status":"closed","ping_status":"closed","template":"page-templates\/full-width.php","meta":{"footnotes":""},"class_list":["post-40","page","type-page","status-publish","hentry"],"_links":{"self":[{"href":"https:\/\/vilpasrhythmics.fi\/index.php?rest_route=\/wp\/v2\/pages\/40","targetHints":{"allow":["GET"]}}],"collection":[{"href":"https:\/\/vilpasrhythmics.fi\/index.php?rest_route=\/wp\/v2\/pages"}],"about":[{"href":"https:\/\/vilpasrhythmics.fi\/index.php?rest_route=\/wp\/v2\/types\/page"}],"author":[{"embeddable":true,"href":"https:\/\/vilpasrhythmics.fi\/index.php?rest_route=\/wp\/v2\/users\/1"}],"replies":[{"embeddable":true,"href":"https:\/\/vilpasrhythmics.fi\/index.php?rest_route=%2Fwp%2Fv2%2Fcomments&post=40"}],"version-history":[{"count":28,"href":"https:\/\/vilpasrhythmics.fi\/index.php?rest_route=\/wp\/v2\/pages\/40\/revisions"}],"predecessor-version":[{"id":489,"href":"https:\/\/vilpasrhythmics.fi\/index.php?rest_route=\/wp\/v2\/pages\/40\/revisions\/489"}],"wp:attachment":[{"href":"https:\/\/vilpasrhythmics.fi\/index.php?rest_route=%2Fwp%2Fv2%2Fmedia&parent=40"}],"curies":[{"name":"wp","href":"https:\/\/api.w.org\/{rel}","templated":true}]}}